{"id":14,"date":"2026-02-07T08:40:18","date_gmt":"2026-02-07T08:40:18","guid":{"rendered":"https:\/\/ravenglobal.com.tr\/?page_id=14"},"modified":"2026-02-09T22:19:43","modified_gmt":"2026-02-09T19:19:43","slug":"home","status":"publish","type":"page","link":"https:\/\/ravenglobal.com.tr\/","title":{"rendered":"Home"},"content":{"rendered":"\t\t<div data-elementor-type=\"wp-page\" data-elementor-id=\"14\" class=\"elementor elementor-14\">\n\t\t\t\t<div class=\"elementor-element elementor-element-45743278 e-con-full e-flex e-con e-parent\" data-id=\"45743278\" data-element_type=\"container\" data-e-type=\"container\" data-settings=\"{&quot;background_background&quot;:&quot;classic&quot;}\">\n\t\t<div class=\"elementor-element elementor-element-d60a5e3 e-con-full e-flex e-con e-child\" data-id=\"d60a5e3\" data-element_type=\"container\" data-e-type=\"container\">\n\t\t\t\t<div class=\"elementor-element elementor-element-178b45e6 elementor-widget elementor-widget-heading\" data-id=\"178b45e6\" data-element_type=\"widget\" data-e-type=\"widget\" data-widget_type=\"heading.default\">\n\t\t\t\t\t<h2 class=\"elementor-heading-title elementor-size-default\">WEB S\u0130TEM\u0130Z\u0130 Z\u0130YARET ETT\u0130\u011e\u0130N\u0130Z \u0130\u00c7\u0130N TE\u015eEKK\u00dcR EDER\u0130Z.<\/h2>\t\t\t\t<\/div>\n\t\t\t\t<div class=\"elementor-element elementor-element-487e352b elementor-widget elementor-widget-text-editor\" data-id=\"487e352b\" data-element_type=\"widget\" data-e-type=\"widget\" data-widget_type=\"text-editor.default\">\n\t\t\t\t\t\t\t\t\t<p>Arka planda harika bir \u015fey in\u015fa etmek i\u00e7in \u00e7al\u0131\u015f\u0131yoruz. Web sitemiz \u00e7ok yak\u0131nda yay\u0131nda olacak!<\/p>\t\t\t\t\t\t\t\t<\/div>\n\t\t\t\t<\/div>\n\t\t<div class=\"elementor-element elementor-element-22684721 e-con-full e-flex e-con e-child\" data-id=\"22684721\" data-element_type=\"container\" data-e-type=\"container\">\n\t\t\t\t<div class=\"elementor-element elementor-element-3ad9327e animated-slow elementor-invisible elementor-widget elementor-widget-image\" data-id=\"3ad9327e\" data-element_type=\"widget\" data-e-type=\"widget\" data-settings=\"{&quot;_animation&quot;:&quot;fadeInDown&quot;,&quot;_animation_delay&quot;:2000}\" data-widget_type=\"image.default\">\n\t\t\t\t\t\t\t\t\t\t\t\t\t\t\t<img fetchpriority=\"high\" decoding=\"async\" width=\"800\" height=\"800\" src=\"https:\/\/ravenglobal.com.tr\/wp-content\/uploads\/2026\/02\/Gemini_Generated_Image_fl3uxbfl3uxbfl3u.png\" class=\"attachment-large size-large wp-image-34\" alt=\"\" srcset=\"https:\/\/ravenglobal.com.tr\/wp-content\/uploads\/2026\/02\/Gemini_Generated_Image_fl3uxbfl3uxbfl3u.png 1024w, https:\/\/ravenglobal.com.tr\/wp-content\/uploads\/2026\/02\/Gemini_Generated_Image_fl3uxbfl3uxbfl3u-300x300.png 300w, https:\/\/ravenglobal.com.tr\/wp-content\/uploads\/2026\/02\/Gemini_Generated_Image_fl3uxbfl3uxbfl3u-150x150.png 150w, https:\/\/ravenglobal.com.tr\/wp-content\/uploads\/2026\/02\/Gemini_Generated_Image_fl3uxbfl3uxbfl3u-768x768.png 768w\" sizes=\"(max-width: 800px) 100vw, 800px\" \/>\t\t\t\t\t\t\t\t\t\t\t\t\t\t\t<\/div>\n\t\t\t\t<\/div>\n\t\t\t\t<\/div>\n\t\t<div class=\"elementor-element elementor-element-4009a4d8 e-con-full e-flex e-con e-parent\" data-id=\"4009a4d8\" data-element_type=\"container\" data-e-type=\"container\" data-settings=\"{&quot;background_background&quot;:&quot;classic&quot;}\">\n\t\t\t\t<div class=\"elementor-element elementor-element-38fb914a elementor-widget elementor-widget-heading\" data-id=\"38fb914a\" data-element_type=\"widget\" data-e-type=\"widget\" data-widget_type=\"heading.default\">\n\t\t\t\t\t<p class=\"elementor-heading-title elementor-size-default\">\u00a9 All Rights Reserved.<\/p>\t\t\t\t<\/div>\n\t\t\t\t<\/div>\n\t\t\t\t<\/div>\n\t\t","protected":false},"excerpt":{"rendered":"<p>WEB S\u0130TEM\u0130Z\u0130 Z\u0130YARET ETT\u0130\u011e\u0130N\u0130Z \u0130\u00c7\u0130N TE\u015eEKK\u00dcR EDER\u0130Z. Arka planda harika bir \u015fey in\u015fa etmek i\u00e7in \u00e7al\u0131\u015f\u0131yoruz. Web sitemiz \u00e7ok yak\u0131nda yay\u0131nda olacak! \u00a9 All Rights Reserved.<\/p>\n","protected":false},"author":1,"featured_media":0,"parent":0,"menu_order":0,"comment_status":"closed","ping_status":"closed","template":"","meta":{"footnotes":""},"class_list":["post-14","page","type-page","status-publish","hentry"],"_links":{"self":[{"href":"https:\/\/ravenglobal.com.tr\/index.php?rest_route=\/wp\/v2\/pages\/14","targetHints":{"allow":["GET"]}}],"collection":[{"href":"https:\/\/ravenglobal.com.tr\/index.php?rest_route=\/wp\/v2\/pages"}],"about":[{"href":"https:\/\/ravenglobal.com.tr\/index.php?rest_route=\/wp\/v2\/types\/page"}],"author":[{"embeddable":true,"href":"https:\/\/ravenglobal.com.tr\/index.php?rest_route=\/wp\/v2\/users\/1"}],"replies":[{"embeddable":true,"href":"https:\/\/ravenglobal.com.tr\/index.php?rest_route=%2Fwp%2Fv2%2Fcomments&post=14"}],"version-history":[{"count":22,"href":"https:\/\/ravenglobal.com.tr\/index.php?rest_route=\/wp\/v2\/pages\/14\/revisions"}],"predecessor-version":[{"id":57,"href":"https:\/\/ravenglobal.com.tr\/index.php?rest_route=\/wp\/v2\/pages\/14\/revisions\/57"}],"wp:attachment":[{"href":"https:\/\/ravenglobal.com.tr\/index.php?rest_route=%2Fwp%2Fv2%2Fmedia&parent=14"}],"curies":[{"name":"wp","href":"https:\/\/api.w.org\/{rel}","templated":true}]}}